{"id":2038,"date":"2025-04-24T10:34:09","date_gmt":"2025-04-24T10:34:09","guid":{"rendered":"https:\/\/gestionhabitats.ca\/?page_id=2038"},"modified":"2025-04-30T05:12:43","modified_gmt":"2025-04-30T05:12:43","slug":"operations","status":"publish","type":"page","link":"https:\/\/gestionhabitats.ca\/en\/operations\/","title":{"rendered":"Operations"},"content":{"rendered":"<div data-elementor-type=\"wp-page\" data-elementor-id=\"2038\" class=\"elementor elementor-2038\" data-elementor-post-type=\"page\">\n\t\t\t\t<div class=\"elementor-element elementor-element-2ddf546 e-flex e-con-boxed e-con e-parent\" data-id=\"2ddf546\" data-element_type=\"container\" data-e-type=\"container\" data-settings=\"{&quot;background_background&quot;:&quot;classic&quot;}\">\n\t\t\t\t\t<div class=\"e-con-inner\">\n\t\t<div class=\"elementor-element elementor-element-53f2328 e-con-full e-flex e-con e-child\" data-id=\"53f2328\" data-element_type=\"container\" data-e-type=\"container\">\n\t\t\t\t<div class=\"elementor-element elementor-element-7846a80 elementor-widget elementor-widget-heading\" data-id=\"7846a80\" data-element_type=\"widget\" data-e-type=\"widget\" data-widget_type=\"heading.default\">\n\t\t\t\t<div class=\"elementor-widget-container\">\n\t\t\t\t\t<h1 class=\"elementor-heading-title elementor-size-default\">Operations<\/h1>\t\t\t\t<\/div>\n\t\t\t\t<\/div>\n\t\t\t\t<\/div>\n\t\t\t\t\t<\/div>\n\t\t\t\t<\/div>\n\t\t<div class=\"elementor-element elementor-element-1a25a07 e-flex e-con-boxed e-con e-parent\" data-id=\"1a25a07\" data-element_type=\"container\" data-e-type=\"container\">\n\t\t\t\t\t<div class=\"e-con-inner\">\n\t\t<div class=\"elementor-element elementor-element-8452ac5 e-con-full e-flex e-con e-child\" data-id=\"8452ac5\" data-element_type=\"container\" data-e-type=\"container\">\n\t\t\t\t<div class=\"elementor-element elementor-element-c57c4cb elementor-widget elementor-widget-heading\" data-id=\"c57c4cb\" data-element_type=\"widget\" data-e-type=\"widget\" data-widget_type=\"heading.default\">\n\t\t\t\t<div class=\"elementor-widget-container\">\n\t\t\t\t\t<h2 class=\"elementor-heading-title elementor-size-default\">Operational management complete, reliable, and responsive <\/h2>\t\t\t\t<\/div>\n\t\t\t\t<\/div>\n\t\t\t\t<div class=\"elementor-element elementor-element-1c1b0cb elementor-widget elementor-widget-text-editor\" data-id=\"1c1b0cb\" data-element_type=\"widget\" data-e-type=\"widget\" data-widget_type=\"text-editor.default\">\n\t\t\t\t<div class=\"elementor-widget-container\">\n\t\t\t\t\t\t\t\t\t<p>Beyond the administration, Management Habitats also provides the operational support of your condominium. Regulatory inspection to emergency response, we ensure the safety, security, comfort and sustainability of your buildings through bespoke services, rigorous, and personalized. Let us take care of the daily monitoring of your building for a no-hassle management and a sustainable safeguarding of your investment.<\/p>\t\t\t\t\t\t\t\t<\/div>\n\t\t\t\t<\/div>\n\t\t\t\t<\/div>\n\t\t<div class=\"elementor-element elementor-element-ea28206 e-con-full e-grid e-con e-child\" data-id=\"ea28206\" data-element_type=\"container\" data-e-type=\"container\">\n\t\t<div class=\"elementor-element elementor-element-e6862c2 e-con-full e-flex e-con e-child\" data-id=\"e6862c2\" data-element_type=\"container\" data-e-type=\"container\" data-settings=\"{&quot;background_background&quot;:&quot;classic&quot;}\">\n\t\t<div class=\"elementor-element elementor-element-707872f e-con-full e-flex e-con e-child\" data-id=\"707872f\" data-element_type=\"container\" data-e-type=\"container\">\n\t\t<div class=\"elementor-element elementor-element-99f4761 e-con-full e-flex e-con e-child\" data-id=\"99f4761\" data-element_type=\"container\" data-e-type=\"container\" data-settings=\"{&quot;background_background&quot;:&quot;classic&quot;}\">\n\t\t\t\t<div class=\"elementor-element elementor-element-ceabe44 elementor-widget elementor-widget-spacer\" data-id=\"ceabe44\" data-element_type=\"widget\" data-e-type=\"widget\" data-widget_type=\"spacer.default\">\n\t\t\t\t<div class=\"elementor-widget-container\">\n\t\t\t\t\t\t\t<div class=\"elementor-spacer\">\n\t\t\t<div class=\"elementor-spacer-inner\"><\/div>\n\t\t<\/div>\n\t\t\t\t\t\t<\/div>\n\t\t\t\t<\/div>\n\t\t\t\t<\/div>\n\t\t\t\t<\/div>\n\t\t<div class=\"elementor-element elementor-element-862981a e-con-full e-flex e-con e-child\" data-id=\"862981a\" data-element_type=\"container\" data-e-type=\"container\" data-settings=\"{&quot;background_background&quot;:&quot;classic&quot;}\">\n\t\t\t\t<div class=\"elementor-element elementor-element-062e7e9 elementor-widget elementor-widget-heading\" data-id=\"062e7e9\" data-element_type=\"widget\" data-e-type=\"widget\" data-widget_type=\"heading.default\">\n\t\t\t\t<div class=\"elementor-widget-container\">\n\t\t\t\t\t<h3 class=\"elementor-heading-title elementor-size-default\">Operational Services tailored<\/h3>\t\t\t\t<\/div>\n\t\t\t\t<\/div>\n\t\t\t\t<div class=\"elementor-element elementor-element-f4ebf8e elementor-widget elementor-widget-text-editor\" data-id=\"f4ebf8e\" data-element_type=\"widget\" data-e-type=\"widget\" data-widget_type=\"text-editor.default\">\n\t\t\t\t<div class=\"elementor-widget-container\">\n\t\t\t\t\t\t\t\t\t<p>Beyond the administrative management, we offer operational services tailored to your specific needs :<\/p><ul><li>Management of requests for intervention (locksmith, plumbing, garage doors, etc)<\/li><li>Property Inspections with detailed reports to identify gaps to be corrected<\/li><li>Complete management of regulatory inspections (fire alarm, etc)<\/li><li>In support of the claims files and insurance management<\/li><li>Coordination of maintenance work, repairs and replacements<\/li><\/ul><p>A range of complementary services for a tailored support at all stages of the operational management of your condominium.<\/p>\t\t\t\t\t\t\t\t<\/div>\n\t\t\t\t<\/div>\n\t\t\t\t<\/div>\n\t\t\t\t<\/div>\n\t\t<div class=\"elementor-element elementor-element-e3fd722 e-con-full e-flex e-con e-child\" data-id=\"e3fd722\" data-element_type=\"container\" data-e-type=\"container\" data-settings=\"{&quot;background_background&quot;:&quot;classic&quot;}\">\n\t\t<div class=\"elementor-element elementor-element-e5723be e-con-full e-flex e-con e-child\" data-id=\"e5723be\" data-element_type=\"container\" data-e-type=\"container\">\n\t\t<div class=\"elementor-element elementor-element-2621544 e-con-full e-flex e-con e-child\" data-id=\"2621544\" data-element_type=\"container\" data-e-type=\"container\" data-settings=\"{&quot;background_background&quot;:&quot;classic&quot;}\">\n\t\t\t\t<div class=\"elementor-element elementor-element-0429418 elementor-widget elementor-widget-spacer\" data-id=\"0429418\" data-element_type=\"widget\" data-e-type=\"widget\" data-widget_type=\"spacer.default\">\n\t\t\t\t<div class=\"elementor-widget-container\">\n\t\t\t\t\t\t\t<div class=\"elementor-spacer\">\n\t\t\t<div class=\"elementor-spacer-inner\"><\/div>\n\t\t<\/div>\n\t\t\t\t\t\t<\/div>\n\t\t\t\t<\/div>\n\t\t\t\t<\/div>\n\t\t\t\t<\/div>\n\t\t<div class=\"elementor-element elementor-element-b29c4f2 e-con-full e-flex e-con e-child\" data-id=\"b29c4f2\" data-element_type=\"container\" data-e-type=\"container\" data-settings=\"{&quot;background_background&quot;:&quot;classic&quot;}\">\n\t\t\t\t<div class=\"elementor-element elementor-element-a202ae2 elementor-widget elementor-widget-heading\" data-id=\"a202ae2\" data-element_type=\"widget\" data-e-type=\"widget\" data-widget_type=\"heading.default\">\n\t\t\t\t<div class=\"elementor-widget-container\">\n\t\t\t\t\t<h3 class=\"elementor-heading-title elementor-size-default\">Dedicated support to the trade union councils<\/h3>\t\t\t\t<\/div>\n\t\t\t\t<\/div>\n\t\t\t\t<div class=\"elementor-element elementor-element-be25175 elementor-widget elementor-widget-text-editor\" data-id=\"be25175\" data-element_type=\"widget\" data-e-type=\"widget\" data-widget_type=\"text-editor.default\">\n\t\t\t\t<div class=\"elementor-widget-container\">\n\t\t\t\t\t\t\t\t\t<p class=\"\" data-start=\"2065\" data-end=\"2148\">Our operational expertise is at the service of your board of directors :<\/p><ul data-start=\"2149\" data-end=\"2359\"><li class=\"\" data-start=\"2149\" data-end=\"2215\"><p class=\"\" data-start=\"2151\" data-end=\"2215\">Advice on technical and organizational aspects<\/p><\/li><li class=\"\" data-start=\"2216\" data-end=\"2272\"><p class=\"\" data-start=\"2218\" data-end=\"2272\">Guidance to industry best practices<\/p><\/li><li class=\"\" data-start=\"2273\" data-end=\"2359\"><p class=\"\" data-start=\"2275\" data-end=\"2359\">Proposals for optimal solutions tailored to the specificities of your condominium<\/p><\/li><\/ul><p class=\"\" data-start=\"2361\" data-end=\"2439\">As a key partner for the smooth functioning and performance of the union.<\/p>\t\t\t\t\t\t\t\t<\/div>\n\t\t\t\t<\/div>\n\t\t\t\t<\/div>\n\t\t\t\t<\/div>\n\t\t<div class=\"elementor-element elementor-element-25b5827 e-con-full e-flex e-con e-child\" data-id=\"25b5827\" data-element_type=\"container\" data-e-type=\"container\" data-settings=\"{&quot;background_background&quot;:&quot;classic&quot;}\">\n\t\t<div class=\"elementor-element elementor-element-a58ed87 e-con-full e-flex e-con e-child\" data-id=\"a58ed87\" data-element_type=\"container\" data-e-type=\"container\" data-settings=\"{&quot;background_background&quot;:&quot;classic&quot;}\">\n\t\t<div class=\"elementor-element elementor-element-b0dbba6 e-con-full e-flex e-con e-child\" data-id=\"b0dbba6\" data-element_type=\"container\" data-e-type=\"container\" data-settings=\"{&quot;background_background&quot;:&quot;classic&quot;}\">\n\t\t\t\t<div class=\"elementor-element elementor-element-f5a659c elementor-widget elementor-widget-spacer\" data-id=\"f5a659c\" data-element_type=\"widget\" data-e-type=\"widget\" data-widget_type=\"spacer.default\">\n\t\t\t\t<div class=\"elementor-widget-container\">\n\t\t\t\t\t\t\t<div class=\"elementor-spacer\">\n\t\t\t<div class=\"elementor-spacer-inner\"><\/div>\n\t\t<\/div>\n\t\t\t\t\t\t<\/div>\n\t\t\t\t<\/div>\n\t\t\t\t<\/div>\n\t\t\t\t<\/div>\n\t\t<div class=\"elementor-element elementor-element-bd2713f e-con-full e-flex e-con e-child\" data-id=\"bd2713f\" data-element_type=\"container\" data-e-type=\"container\" data-settings=\"{&quot;background_background&quot;:&quot;classic&quot;}\">\n\t\t\t\t<div class=\"elementor-element elementor-element-49b8380 elementor-widget elementor-widget-heading\" data-id=\"49b8380\" data-element_type=\"widget\" data-e-type=\"widget\" data-widget_type=\"heading.default\">\n\t\t\t\t<div class=\"elementor-widget-container\">\n\t\t\t\t\t<h3 class=\"elementor-heading-title elementor-size-default\">Emergency Service quick and efficient<\/h3>\t\t\t\t<\/div>\n\t\t\t\t<\/div>\n\t\t\t\t<div class=\"elementor-element elementor-element-04e0b9e elementor-widget elementor-widget-text-editor\" data-id=\"04e0b9e\" data-element_type=\"widget\" data-e-type=\"widget\" data-widget_type=\"text-editor.default\">\n\t\t\t\t<div class=\"elementor-widget-container\">\n\t\t\t\t\t\t\t\t\t<p class=\"\" data-start=\"2493\" data-end=\"2667\">We provide an emergency service available 24h\/24 and 7d\/7. Contact us at <strong data-start=\"2573\" data-end=\"2594\">+1 (514) 226-6776<\/strong> for a quick and effective response.<br data-start=\"2636\" data-end=\"2639\" \/>Our process includes :<\/p><ul data-start=\"2668\" data-end=\"2836\"><li class=\"\" data-start=\"2668\" data-end=\"2751\"><p class=\"\" data-start=\"2670\" data-end=\"2751\">An initial analysis and immediate care to limit the damage<\/p><\/li><li class=\"\" data-start=\"2752\" data-end=\"2836\"><p class=\"\" data-start=\"2754\" data-end=\"2836\">A detailed assessment after the intervention to ensure a long-term resolution<\/p><\/li><\/ul>\t\t\t\t\t\t\t\t<\/div>\n\t\t\t\t<\/div>\n\t\t\t\t<\/div>\n\t\t\t\t<\/div>\n\t\t\t\t<\/div>\n\t\t\t\t\t<\/div>\n\t\t\t\t<\/div>\n\t\t<div class=\"elementor-element elementor-element-6017018 e-flex e-con-boxed e-con e-parent\" data-id=\"6017018\" data-element_type=\"container\" data-e-type=\"container\" data-settings=\"{&quot;background_background&quot;:&quot;classic&quot;}\">\n\t\t\t\t\t<div class=\"e-con-inner\">\n\t\t<div class=\"elementor-element elementor-element-1298068 e-con-full e-flex e-con e-child\" data-id=\"1298068\" data-element_type=\"container\" data-e-type=\"container\">\n\t\t\t\t<div class=\"elementor-element elementor-element-a1f9219 animated-fast elementor-invisible elementor-widget elementor-widget-heading\" data-id=\"a1f9219\" data-element_type=\"widget\" data-e-type=\"widget\" data-settings=\"{&quot;_animation&quot;:&quot;fadeInDown&quot;,&quot;_animation_delay&quot;:100}\" data-widget_type=\"heading.default\">\n\t\t\t\t<div class=\"elementor-widget-container\">\n\t\t\t\t\t<h2 class=\"elementor-heading-title elementor-size-default\">Your project deserves a exception handling<\/h2>\t\t\t\t<\/div>\n\t\t\t\t<\/div>\n\t\t\t\t<div class=\"elementor-element elementor-element-ea59d67 animated-fast elementor-invisible elementor-widget elementor-widget-text-editor\" data-id=\"ea59d67\" data-element_type=\"widget\" data-e-type=\"widget\" data-settings=\"{&quot;_animation&quot;:&quot;fadeInDown&quot;,&quot;_animation_delay&quot;:100}\" data-widget_type=\"text-editor.default\">\n\t\t\t\t<div class=\"elementor-widget-container\">\n\t\t\t\t\t\t\t\t\t<p>You want expertise, a quote or clear answers about the management of your condominium ?<br data-start=\"335\" data-end=\"338\" \/>Our advisors are at your disposal to assist you at every step : inspection, work, claims and daily management.<br \/><br \/><strong>Enjoy a customized approach in order to preserve the value and the serenity of your real estate investment.<\/strong><\/p>\t\t\t\t\t\t\t\t<\/div>\n\t\t\t\t<\/div>\n\t\t\t\t<div class=\"elementor-element elementor-element-23f61ed elementor-invisible elementor-widget elementor-widget-button\" data-id=\"23f61ed\" data-element_type=\"widget\" data-e-type=\"widget\" data-settings=\"{&quot;_animation&quot;:&quot;fadeIn&quot;,&quot;_animation_delay&quot;:400}\" data-widget_type=\"button.default\">\n\t\t\t\t<div class=\"elementor-widget-container\">\n\t\t\t\t\t\t\t\t\t<div class=\"elementor-button-wrapper\">\n\t\t\t\t\t<a class=\"elementor-button elementor-button-link elementor-size-sm elementor-animation-float\" href=\"https:\/\/gestionhabitats.ca\/en\/nous-contacter\/\">\n\t\t\t\t\t\t<span class=\"elementor-button-content-wrapper\">\n\t\t\t\t\t\t<span class=\"elementor-button-icon\">\n\t\t\t\t<svg aria-hidden=\"true\" class=\"e-font-icon-svg e-fas-angle-right\" viewbox=\"0 0 256 512\" xmlns=\"http:\/\/www.w3.org\/2000\/svg\"><path d=\"M224.3 273l-136 136c-9.4 9.4-24.6 9.4-33.9 0l-22.6-22.6c-9.4-9.4-9.4-24.6 0-33.9l96.4-96.4-96.4-96.4c-9.4-9.4-9.4-24.6 0-33.9L54.3 103c9.4-9.4 24.6-9.4 33.9 0l136 136c9.5 9.4 9.5 24.6.1 34z\"><\/path><\/svg>\t\t\t<\/span>\n\t\t\t\t\t\t\t\t\t<span class=\"elementor-button-text\">Request your custom quote<\/span>\n\t\t\t\t\t<\/span>\n\t\t\t\t\t<\/a>\n\t\t\t\t<\/div>\n\t\t\t\t\t\t\t\t<\/div>\n\t\t\t\t<\/div>\n\t\t\t\t<\/div>\n\t\t<div class=\"elementor-element elementor-element-029ab79 e-con-full e-flex e-con e-child\" data-id=\"029ab79\" data-element_type=\"container\" data-e-type=\"container\" data-settings=\"{&quot;background_background&quot;:&quot;classic&quot;}\">\n\t\t\t\t<div class=\"elementor-element elementor-element-3d72443 elementor-widget elementor-widget-spacer\" data-id=\"3d72443\" data-element_type=\"widget\" data-e-type=\"widget\" data-widget_type=\"spacer.default\">\n\t\t\t\t<div class=\"elementor-widget-container\">\n\t\t\t\t\t\t\t<div class=\"elementor-spacer\">\n\t\t\t<div class=\"elementor-spacer-inner\"><\/div>\n\t\t<\/div>\n\t\t\t\t\t\t<\/div>\n\t\t\t\t<\/div>\n\t\t\t\t<div class=\"elementor-element elementor-element-efab97a elementor-widget__width-auto elementor-absolute elementor-widget-divider--view-line elementor-widget elementor-widget-divider\" data-id=\"efab97a\" data-element_type=\"widget\" data-e-type=\"widget\" data-settings=\"{&quot;_position&quot;:&quot;absolute&quot;}\" data-widget_type=\"divider.default\">\n\t\t\t\t<div class=\"elementor-widget-container\">\n\t\t\t\t\t\t\t<div class=\"elementor-divider\">\n\t\t\t<span class=\"elementor-divider-separator\">\n\t\t\t\t\t\t<\/span>\n\t\t<\/div>\n\t\t\t\t\t\t<\/div>\n\t\t\t\t<\/div>\n\t\t\t\t<div class=\"elementor-element elementor-element-207bbde elementor-position-left elementor-vertical-align-middle elementor-absolute elementor-widget__width-initial elementor-position-left elementor-vertical-align-top elementor-widget elementor-widget-image-box\" data-id=\"207bbde\" data-element_type=\"widget\" data-e-type=\"widget\" data-settings=\"{&quot;_position&quot;:&quot;absolute&quot;}\" data-widget_type=\"image-box.default\">\n\t\t\t\t<div class=\"elementor-widget-container\">\n\t\t\t\t\t<div class=\"elementor-image-box-wrapper\"><figure class=\"elementor-image-box-img\"><img decoding=\"async\" width=\"48\" height=\"52\" src=\"https:\/\/gestionhabitats.ca\/wp-content\/uploads\/2025\/04\/icon30.png\" class=\"attachment-full size-full wp-image-2051\" alt=\"\" srcset=\"https:\/\/gestionhabitats.ca\/wp-content\/uploads\/2025\/04\/icon30.png 48w, https:\/\/gestionhabitats.ca\/wp-content\/uploads\/2025\/04\/icon30-11x12.png 11w\" sizes=\"(max-width: 48px) 100vw, 48px\" \/><\/figure><div class=\"elementor-image-box-content\"><h3 class=\"elementor-image-box-title\">+59<\/h3><p class=\"elementor-image-box-description\">Buildings managed<\/p><\/div><\/div>\t\t\t\t<\/div>\n\t\t\t\t<\/div>\n\t\t\t\t<\/div>\n\t\t\t\t\t<\/div>\n\t\t\t\t<\/div>\n\t\t\t\t<\/div>","protected":false},"excerpt":{"rendered":"<p>Une gestion op\u00e9rationnelle compl\u00e8te, fiable et r\u00e9active Au-del\u00e0 de l\u2019administration, Gestion Habitats assure \u00e9galement la prise en charge op\u00e9rationnelle de votre copropri\u00e9t\u00e9. De l\u2019inspection r\u00e9glementaire aux interventions d\u2019urgence, nous veillons \u00e0 la s\u00e9curit\u00e9, au confort et \u00e0 la p\u00e9rennit\u00e9 de vos immeubles gr\u00e2ce \u00e0 des services sur-mesure, rigoureux et personnalis\u00e9s. Confiez-nous le suivi quotidien de [&hellip;]<\/p>\n","protected":false},"author":2,"featured_media":0,"parent":0,"menu_order":0,"comment_status":"closed","ping_status":"closed","template":"elementor_header_footer","meta":{"footnotes":""},"class_list":["post-2038","page","type-page","status-publish","hentry"],"blocksy_meta":[],"_links":{"self":[{"href":"https:\/\/gestionhabitats.ca\/en\/wp-json\/wp\/v2\/pages\/2038","targetHints":{"allow":["GET"]}}],"collection":[{"href":"https:\/\/gestionhabitats.ca\/en\/wp-json\/wp\/v2\/pages"}],"about":[{"href":"https:\/\/gestionhabitats.ca\/en\/wp-json\/wp\/v2\/types\/page"}],"author":[{"embeddable":true,"href":"https:\/\/gestionhabitats.ca\/en\/wp-json\/wp\/v2\/users\/2"}],"replies":[{"embeddable":true,"href":"https:\/\/gestionhabitats.ca\/en\/wp-json\/wp\/v2\/comments?post=2038"}],"version-history":[{"count":19,"href":"https:\/\/gestionhabitats.ca\/en\/wp-json\/wp\/v2\/pages\/2038\/revisions"}],"predecessor-version":[{"id":2688,"href":"https:\/\/gestionhabitats.ca\/en\/wp-json\/wp\/v2\/pages\/2038\/revisions\/2688"}],"wp:attachment":[{"href":"https:\/\/gestionhabitats.ca\/en\/wp-json\/wp\/v2\/media?parent=2038"}],"curies":[{"name":"wp","href":"https:\/\/api.w.org\/{rel}","templated":true}]}}